{"id":1715,"date":"2023-03-28T15:21:28","date_gmt":"2023-03-28T15:21:28","guid":{"rendered":"https:\/\/comtonsud.fr\/?page_id=1715"},"modified":"2023-03-28T18:57:35","modified_gmt":"2023-03-28T18:57:35","slug":"elementor-1715","status":"publish","type":"page","link":"https:\/\/comtonsud.fr\/?page_id=1715","title":{"rendered":"CGU"},"content":{"rendered":"\t\t<div data-elementor-type=\"wp-page\" data-elementor-id=\"1715\" class=\"elementor elementor-1715\">\n\t\t\t\t\t\t\t\t\t<section class=\"elementor-section elementor-top-section elementor-element elementor-element-4633a16 elementor-section-boxed elementor-section-height-default elementor-section-height-default wpr-particle-no wpr-jarallax-no wpr-parallax-no wpr-sticky-section-no\" data-id=\"4633a16\" data-element_type=\"section\" data-settings=\"{&quot;_ha_eqh_enable&quot;:false}\">\n\t\t\t\t\t\t<div class=\"elementor-container elementor-column-gap-default\">\n\t\t\t\t\t<div class=\"elementor-column elementor-col-100 elementor-top-column elementor-element elementor-element-e744904\" data-id=\"e744904\" data-element_type=\"column\">\n\t\t\t<div class=\"elementor-widget-wrap elementor-element-populated\">\n\t\t\t\t\t\t\t\t<div class=\"elementor-element elementor-element-0df5927 elementor-widget elementor-widget-heading\" data-id=\"0df5927\" data-element_type=\"widget\" data-widget_type=\"heading.default\">\n\t\t\t\t<div class=\"elementor-widget-container\">\n\t\t\t<style>\/*! elementor - v3.12.0 - 29-03-2023 *\/\n.elementor-heading-title{padding:0;margin:0;line-height:1}.elementor-widget-heading .elementor-heading-title[class*=elementor-size-]>a{color:inherit;font-size:inherit;line-height:inherit}.elementor-widget-heading .elementor-heading-title.elementor-size-small{font-size:15px}.elementor-widget-heading .elementor-heading-title.elementor-size-medium{font-size:19px}.elementor-widget-heading .elementor-heading-title.elementor-size-large{font-size:29px}.elementor-widget-heading .elementor-heading-title.elementor-size-xl{font-size:39px}.elementor-widget-heading .elementor-heading-title.elementor-size-xxl{font-size:59px}<\/style><h2 class=\"elementor-heading-title elementor-size-default\">Conditions G\u00e9n\u00e9rales d'Utilisation <\/h2>\t\t<\/div>\n\t\t\t\t<\/div>\n\t\t\t\t\t<\/div>\n\t\t<\/div>\n\t\t\t\t\t\t\t<\/div>\n\t\t<\/section>\n\t\t\t\t<section class=\"elementor-section elementor-top-section elementor-element elementor-element-186fe00 elementor-section-boxed elementor-section-height-default elementor-section-height-default wpr-particle-no wpr-jarallax-no wpr-parallax-no wpr-sticky-section-no\" data-id=\"186fe00\" data-element_type=\"section\" data-settings=\"{&quot;_ha_eqh_enable&quot;:false}\">\n\t\t\t\t\t\t<div class=\"elementor-container elementor-column-gap-default\">\n\t\t\t\t\t<div class=\"elementor-column elementor-col-100 elementor-top-column elementor-element elementor-element-bc5030b\" data-id=\"bc5030b\" data-element_type=\"column\">\n\t\t\t<div class=\"elementor-widget-wrap elementor-element-populated\">\n\t\t\t\t\t\t\t\t<div class=\"elementor-element elementor-element-90bba5d elementor-widget elementor-widget-text-editor\" data-id=\"90bba5d\" data-element_type=\"widget\" data-widget_type=\"text-editor.default\">\n\t\t\t\t<div class=\"elementor-widget-container\">\n\t\t\t<style>\/*! elementor - v3.12.0 - 29-03-2023 *\/\n.elementor-widget-text-editor.elementor-drop-cap-view-stacked .elementor-drop-cap{background-color:#69727d;color:#fff}.elementor-widget-text-editor.elementor-drop-cap-view-framed .elementor-drop-cap{color:#69727d;border:3px solid;background-color:transparent}.elementor-widget-text-editor:not(.elementor-drop-cap-view-default) .elementor-drop-cap{margin-top:8px}.elementor-widget-text-editor:not(.elementor-drop-cap-view-default) .elementor-drop-cap-letter{width:1em;height:1em}.elementor-widget-text-editor .elementor-drop-cap{float:left;text-align:center;line-height:1;font-size:50px}.elementor-widget-text-editor .elementor-drop-cap-letter{display:inline-block}<\/style>\t\t\t\t<p>CONDITIONS GENERALES D&#8217;UTILISATION DU SITE INTERNET<\/p>\n<p>Les pr\u00e9sentes conditions g\u00e9n\u00e9rales d&#8217;utilisation (ci-apr\u00e8s &#8220;CGU&#8221;) r\u00e9gissent l&#8217;utilisation du site internet (ci-apr\u00e8s &#8220;le Site&#8221;) par tout utilisateur (ci-apr\u00e8s &#8220;l&#8217;Utilisateur&#8221;).<\/p>\n<ol>\n<li>\n<p>Acceptation des CGU<\/p><p>&nbsp;L&#8217;utilisation du Site implique l&#8217;acceptation pleine et enti\u00e8re des CGU par l&#8217;Utilisateur. Il appartient \u00e0 l&#8217;Utilisateur de se r\u00e9f\u00e9rer r\u00e9guli\u00e8rement aux CGU pour conna\u00eetre les \u00e9ventuelles modifications apport\u00e9es.<\/p>\n<\/li>\n<li>\n<p>Propri\u00e9t\u00e9 intellectuelle&nbsp;<\/p><p>Le Site et son contenu (textes, images, graphismes, logos, etc.) sont prot\u00e9g\u00e9s par le droit de la propri\u00e9t\u00e9 intellectuelle. L&#8217;Utilisateur s&#8217;engage \u00e0 respecter les droits de propri\u00e9t\u00e9 intellectuelle du propri\u00e9taire du Site et des tiers.<\/p>\n<\/li>\n<li>\n<p>Utilisation du Site&nbsp;<\/p><p>L&#8217;Utilisateur s&#8217;engage \u00e0 utiliser le Site de mani\u00e8re licite et conform\u00e9ment aux CGU. L&#8217;Utilisateur s&#8217;engage notamment \u00e0 ne pas utiliser le Site pour diffuser des contenus illicites, offensants, violents ou discriminatoires.<\/p>\n<\/li>\n<li>\n<p>Responsabilit\u00e9&nbsp;<\/p><p>Le propri\u00e9taire du Site ne peut \u00eatre tenu responsable des dommages directs ou indirects subis par l&#8217;Utilisateur du fait de l&#8217;utilisation du Site, sauf en cas de faute prouv\u00e9e du propri\u00e9taire du Site. Le propri\u00e9taire du Site ne garantit pas la disponibilit\u00e9 et la continuit\u00e9 du Site, ni l&#8217;absence de virus ou autres \u00e9l\u00e9ments nuisibles.<\/p>\n<\/li>\n<li>\n<p>Liens hypertextes&nbsp;<\/p><p>Le Site peut contenir des liens hypertextes vers des sites internet tiers. Le propri\u00e9taire du Site ne peut \u00eatre tenu responsable du contenu de ces sites ni des pratiques de leurs exploitants en mati\u00e8re de protection des donn\u00e9es personnelles.<\/p>\n<\/li>\n<li>\n<p>Protection des donn\u00e9es personnelles&nbsp;<\/p><p>Le propri\u00e9taire du Site s&#8217;engage \u00e0 respecter la r\u00e9glementation en vigueur en mati\u00e8re de protection des donn\u00e9es personnelles. Les donn\u00e9es personnelles collect\u00e9es par le propri\u00e9taire du Site via le Site sont trait\u00e9es conform\u00e9ment \u00e0 la politique de confidentialit\u00e9 accessible sur le Site.<\/p>\n<\/li>\n<li>\n<p>Loi applicable et juridiction comp\u00e9tente&nbsp;<\/p><p>Les CGU sont r\u00e9gies par la loi fran\u00e7aise. Tout litige relatif \u00e0 l&#8217;interpr\u00e9tation ou l&#8217;ex\u00e9cution des CGU sera soumis aux tribunaux comp\u00e9tents de Paris.<\/p>\n<\/li>\n<\/ol>\t\t\t\t\t\t<\/div>\n\t\t\t\t<\/div>\n\t\t\t\t\t<\/div>\n\t\t<\/div>\n\t\t\t\t\t\t\t<\/div>\n\t\t<\/section>\n\t\t\t\t\t\t\t<\/div>\n\t\t","protected":false},"excerpt":{"rendered":"<p>Conditions G\u00e9n\u00e9rales d&#8217;Utilisation CONDITIONS GENERALES D&#8217;UTILISATION DU SITE INTERNET Les pr\u00e9sentes conditions g\u00e9n\u00e9rales d&#8217;utilisation (ci-apr\u00e8s &#8220;CGU&#8221;) r\u00e9gissent l&#8217;utilisation du site internet (ci-apr\u00e8s &#8220;le Site&#8221;) par tout utilisateur (ci-apr\u00e8s &#8220;l&#8217;Utilisateur&#8221;). Acceptation des CGU&nbsp;L&#8217;utilisation du Site implique l&#8217;acceptation pleine et enti\u00e8re des CGU par l&#8217;Utilisateur. Il appartient \u00e0 l&#8217;Utilisateur de se r\u00e9f\u00e9rer r\u00e9guli\u00e8rement aux CGU pour conna\u00eetre &hellip;<\/p>\n<p class=\"read-more\"> <a class=\"\" href=\"https:\/\/comtonsud.fr\/?page_id=1715\"> <span class=\"screen-reader-text\">CGU<\/span> Lire la suite\u00a0\u00bb<\/a><\/p>\n","protected":false},"author":1,"featured_media":0,"parent":0,"menu_order":0,"comment_status":"closed","ping_status":"closed","template":"","meta":{"om_disable_all_campaigns":false,"_mi_skip_tracking":false,"site-sidebar-layout":"no-sidebar","site-content-layout":"page-builder","ast-global-header-display":"","ast-main-header-display":"","ast-hfb-above-header-display":"","ast-hfb-below-header-display":"","ast-hfb-mobile-header-display":"","site-post-title":"disabled","ast-breadcrumbs-content":"","ast-featured-img":"disabled","footer-sml-layout":"","theme-transparent-header-meta":"","adv-header-id-meta":"","stick-header-meta":"","header-above-stick-meta":"","header-main-stick-meta":"","header-below-stick-meta":""},"aioseo_notices":[],"_links":{"self":[{"href":"https:\/\/comtonsud.fr\/index.php?rest_route=\/wp\/v2\/pages\/1715"}],"collection":[{"href":"https:\/\/comtonsud.fr\/index.php?rest_route=\/wp\/v2\/pages"}],"about":[{"href":"https:\/\/comtonsud.fr\/index.php?rest_route=\/wp\/v2\/types\/page"}],"author":[{"embeddable":true,"href":"https:\/\/comtonsud.fr\/index.php?rest_route=\/wp\/v2\/users\/1"}],"replies":[{"embeddable":true,"href":"https:\/\/comtonsud.fr\/index.php?rest_route=%2Fwp%2Fv2%2Fcomments&post=1715"}],"version-history":[{"count":6,"href":"https:\/\/comtonsud.fr\/index.php?rest_route=\/wp\/v2\/pages\/1715\/revisions"}],"predecessor-version":[{"id":1791,"href":"https:\/\/comtonsud.fr\/index.php?rest_route=\/wp\/v2\/pages\/1715\/revisions\/1791"}],"wp:attachment":[{"href":"https:\/\/comtonsud.fr\/index.php?rest_route=%2Fwp%2Fv2%2Fmedia&parent=1715"}],"curies":[{"name":"wp","href":"https:\/\/api.w.org\/{rel}","templated":true}]}}